{"id":4792,"date":"2025-04-22T10:18:42","date_gmt":"2025-04-22T13:18:42","guid":{"rendered":"https:\/\/moveisrufato.com.br\/defensor-del-pueblo\/"},"modified":"2025-04-22T10:18:42","modified_gmt":"2025-04-22T13:18:42","slug":"defensor-del-pueblo","status":"publish","type":"page","link":"https:\/\/moveisrufato.com.br\/es\/defensor-del-pueblo\/","title":{"rendered":"Defensor del Pueblo"},"content":{"rendered":"\t\t<div data-elementor-type=\"wp-page\" data-elementor-id=\"4792\" class=\"elementor elementor-4792\" data-elementor-settings=\"{&quot;ha_cmc_init_switcher&quot;:&quot;no&quot;}\" data-elementor-post-type=\"page\">\n\t\t\t\t<div class=\"elementor-element elementor-element-612aad9 e-flex e-con-boxed e-con e-parent\" data-id=\"612aad9\" data-element_type=\"container\" data-settings=\"{&quot;jet_parallax_layout_list&quot;:[],&quot;_ha_eqh_enable&quot;:false}\">\n\t\t\t\t\t<div class=\"e-con-inner\">\n\t\t<div class=\"elementor-element elementor-element-a27a8da e-con-full e-flex e-con e-child\" data-id=\"a27a8da\" data-element_type=\"container\" data-settings=\"{&quot;background_background&quot;:&quot;classic&quot;,&quot;jet_parallax_layout_list&quot;:[],&quot;_ha_eqh_enable&quot;:false}\">\n\t\t\t\t<div class=\"elementor-element elementor-element-8140808 elementor-widget__width-initial elementor-widget elementor-widget-heading\" data-id=\"8140808\" data-element_type=\"widget\" data-widget_type=\"heading.default\">\n\t\t\t\t<div class=\"elementor-widget-container\">\n\t\t\t\t\t<h2 class=\"elementor-heading-title elementor-size-default\">Ouvidoria<\/h2>\t\t\t\t<\/div>\n\t\t\t\t<\/div>\n\t\t\t\t<div class=\"elementor-element elementor-element-ba87827 elementor-widget__width-auto elementor-widget elementor-widget-heading\" data-id=\"ba87827\" data-element_type=\"widget\" data-widget_type=\"heading.default\">\n\t\t\t\t<div class=\"elementor-widget-container\">\n\t\t\t\t\t<h2 class=\"elementor-heading-title elementor-size-default\">Fale Conosco<\/h2>\t\t\t\t<\/div>\n\t\t\t\t<\/div>\n\t\t\t\t<\/div>\n\t\t\t\t\t<\/div>\n\t\t\t\t<\/div>\n\t\t<div class=\"elementor-element elementor-element-19ff2c6 e-flex e-con-boxed e-con e-parent\" data-id=\"19ff2c6\" data-element_type=\"container\" data-settings=\"{&quot;jet_parallax_layout_list&quot;:[],&quot;_ha_eqh_enable&quot;:false}\">\n\t\t\t\t\t<div class=\"e-con-inner\">\n\t\t<div class=\"elementor-element elementor-element-0caf8ae e-con-full e-flex e-con e-child\" data-id=\"0caf8ae\" data-element_type=\"container\" data-settings=\"{&quot;jet_parallax_layout_list&quot;:[],&quot;_ha_eqh_enable&quot;:false}\">\n\t\t\t\t<div class=\"elementor-element elementor-element-1d8401c elementor-widget__width-initial elementor-widget elementor-widget-heading\" data-id=\"1d8401c\" data-element_type=\"widget\" data-widget_type=\"heading.default\">\n\t\t\t\t<div class=\"elementor-widget-container\">\n\t\t\t\t\t<h2 class=\"elementor-heading-title elementor-size-default\">Preste muita<\/h2>\t\t\t\t<\/div>\n\t\t\t\t<\/div>\n\t\t\t\t<div class=\"elementor-element elementor-element-27de419 elementor-widget__width-initial elementor-widget elementor-widget-heading\" data-id=\"27de419\" data-element_type=\"widget\" data-widget_type=\"heading.default\">\n\t\t\t\t<div class=\"elementor-widget-container\">\n\t\t\t\t\t<h2 class=\"elementor-heading-title elementor-size-default\">aten\u00e7\u00e3o<\/h2>\t\t\t\t<\/div>\n\t\t\t\t<\/div>\n\t\t\t\t<div class=\"elementor-element elementor-element-355c4a1 elementor-widget__width-initial elementor-widget-tablet__width-initial elementor-widget-mobile__width-initial elementor-widget elementor-widget-text-editor\" data-id=\"355c4a1\" data-element_type=\"widget\" data-widget_type=\"text-editor.default\">\n\t\t\t\t<div class=\"elementor-widget-container\">\n\t\t\t\t\t\t\t\t\t<p>Todas as atitudes da M\u00f3veis Rufato sempre foram pautadas na \u00e9tica e transpar\u00eancia nas rela\u00e7\u00f5es e, para manter nossa cultura <b>criamos o canal de comunica\u00e7\u00e3o, para que voc\u00ea possa nos informar sobre as\u00a0atitudes positivas ou negativas<\/b> referentes \u00e0 conduta de nossos colaboradores, clientes, fornecedores ou qualquer pessoa que possa ferir esta cultura.<\/p>\t\t\t\t\t\t\t\t<\/div>\n\t\t\t\t<\/div>\n\t\t\t\t<div class=\"elementor-element elementor-element-1744200 elementor-mobile-align-justify elementor-widget elementor-widget-button\" data-id=\"1744200\" data-element_type=\"widget\" data-widget_type=\"button.default\">\n\t\t\t\t<div class=\"elementor-widget-container\">\n\t\t\t\t\t\t\t\t\t<div class=\"elementor-button-wrapper\">\n\t\t\t\t\t<a class=\"elementor-button elementor-button-link elementor-size-sm\" href=\"#\">\n\t\t\t\t\t\t<span class=\"elementor-button-content-wrapper\">\n\t\t\t\t\t\t<span class=\"elementor-button-icon\">\n\t\t\t\t<svg xmlns=\"http:\/\/www.w3.org\/2000\/svg\" width=\"19\" height=\"14\" viewBox=\"0 0 19 14\" fill=\"none\"><path d=\"M8.00246 13.2207L0.803028 2.7207C0.622017 2.45722 0.518019 2.15087 0.502138 1.83439C0.486256 1.51791 0.559088 1.20318 0.712858 0.923809C0.866629 0.644442 1.09556 0.410934 1.3752 0.248226C1.65484 0.0855183 1.97468 -0.000278844 2.30057 -3.07898e-08L16.6994 5.98605e-07C17.0253 -0.000278186 17.3452 0.085519 17.6248 0.248227C17.9044 0.410935 18.1334 0.644443 18.2871 0.92381C18.4409 1.20318 18.5137 1.51791 18.4979 1.83439C18.482 2.15087 18.378 2.45722 18.197 2.7207L10.9975 13.2207C10.8332 13.4604 10.6105 13.657 10.3493 13.7929C10.088 13.9289 9.7963 14 9.5 14C9.20369 14 8.91197 13.9289 8.65073 13.7929C8.38949 13.657 8.16681 13.4604 8.00246 13.2207Z\" fill=\"white\"><\/path><path d=\"M8.00246 13.2207L0.803028 2.7207C0.622017 2.45722 0.518019 2.15087 0.502138 1.83439C0.486256 1.51791 0.559088 1.20318 0.712858 0.923809C0.866629 0.644442 1.09556 0.410934 1.3752 0.248226C1.65484 0.0855183 1.97468 -0.000278844 2.30057 -3.07898e-08L16.6994 5.98605e-07C17.0253 -0.000278186 17.3452 0.085519 17.6248 0.248227C17.9044 0.410935 18.1334 0.644443 18.2871 0.92381C18.4409 1.20318 18.5137 1.51791 18.4979 1.83439C18.482 2.15087 18.378 2.45722 18.197 2.7207L10.9975 13.2207C10.8332 13.4604 10.6105 13.657 10.3493 13.7929C10.088 13.9289 9.7963 14 9.5 14C9.20369 14 8.91197 13.9289 8.65073 13.7929C8.38949 13.657 8.16681 13.4604 8.00246 13.2207Z\" fill=\"white\"><\/path><\/svg>\t\t\t<\/span>\n\t\t\t\t\t\t\t\t\t<span class=\"elementor-button-text\">Acessar<\/span>\n\t\t\t\t\t<\/span>\n\t\t\t\t\t<\/a>\n\t\t\t\t<\/div>\n\t\t\t\t\t\t\t\t<\/div>\n\t\t\t\t<\/div>\n\t\t\t\t<\/div>\n\t\t<div class=\"elementor-element elementor-element-f69a4da e-con-full e-flex e-con e-child\" data-id=\"f69a4da\" data-element_type=\"container\" data-settings=\"{&quot;background_background&quot;:&quot;classic&quot;,&quot;jet_parallax_layout_list&quot;:[],&quot;_ha_eqh_enable&quot;:false}\">\n\t\t\t\t<div class=\"elementor-element elementor-element-4c9bdc8 elementor-widget__width-initial elementor-widget elementor-widget-heading\" data-id=\"4c9bdc8\" data-element_type=\"widget\" data-widget_type=\"heading.default\">\n\t\t\t\t<div class=\"elementor-widget-container\">\n\t\t\t\t\t<h2 class=\"elementor-heading-title elementor-size-default\">Aqui, suas informa\u00e7\u00f5es s\u00e3o <\/h2>\t\t\t\t<\/div>\n\t\t\t\t<\/div>\n\t\t\t\t<div class=\"elementor-element elementor-element-d501379 elementor-widget__width-initial elementor-widget elementor-widget-heading\" data-id=\"d501379\" data-element_type=\"widget\" data-widget_type=\"heading.default\">\n\t\t\t\t<div class=\"elementor-widget-container\">\n\t\t\t\t\t<h2 class=\"elementor-heading-title elementor-size-default\">estritamente confidenciais<\/h2>\t\t\t\t<\/div>\n\t\t\t\t<\/div>\n\t\t\t\t<div class=\"elementor-element elementor-element-68cd103 elementor-widget__width-initial elementor-widget-tablet__width-initial elementor-widget-mobile__width-initial elementor-widget elementor-widget-text-editor\" data-id=\"68cd103\" data-element_type=\"widget\" data-widget_type=\"text-editor.default\">\n\t\t\t\t<div class=\"elementor-widget-container\">\n\t\t\t\t\t\t\t\t\tN\u00e3o h\u00e1 necessidade de citar seu nome ou e-mail e somente o setor de RH ter\u00e1 acesso \u00e0s suas considera\u00e7\u00f5es aqui citadas.\n\t\t\t\t\t\t\t\t<\/div>\n\t\t\t\t<\/div>\n\t\t\t\t<\/div>\n\t\t\t\t\t<\/div>\n\t\t\t\t<\/div>\n\t\t<div class=\"elementor-element elementor-element-59c933f e-flex e-con-boxed e-con e-parent\" data-id=\"59c933f\" data-element_type=\"container\" data-settings=\"{&quot;jet_parallax_layout_list&quot;:[],&quot;_ha_eqh_enable&quot;:false}\">\n\t\t\t\t\t<div class=\"e-con-inner\">\n\t\t<div class=\"elementor-element elementor-element-50e2d28 e-con-full e-flex e-con e-child\" data-id=\"50e2d28\" data-element_type=\"container\" data-settings=\"{&quot;jet_parallax_layout_list&quot;:[],&quot;_ha_eqh_enable&quot;:false}\">\n\t\t\t\t<div class=\"elementor-element elementor-element-d7914bd elementor-widget__width-initial elementor-widget elementor-widget-heading\" data-id=\"d7914bd\" data-element_type=\"widget\" data-widget_type=\"heading.default\">\n\t\t\t\t<div class=\"elementor-widget-container\">\n\t\t\t\t\t<h2 class=\"elementor-heading-title elementor-size-default\">Deixe sua mensagem<\/h2>\t\t\t\t<\/div>\n\t\t\t\t<\/div>\n\t\t\t\t<div class=\"elementor-element elementor-element-3380c8c elementor-widget__width-initial elementor-button-align-stretch elementor-widget elementor-widget-form\" data-id=\"3380c8c\" data-element_type=\"widget\" data-settings=\"{&quot;button_width&quot;:&quot;20&quot;,&quot;step_next_label&quot;:&quot;Next&quot;,&quot;step_previous_label&quot;:&quot;Previous&quot;,&quot;step_type&quot;:&quot;number_text&quot;,&quot;step_icon_shape&quot;:&quot;circle&quot;}\" data-widget_type=\"form.default\">\n\t\t\t\t<div class=\"elementor-widget-container\">\n\t\t\t\t\t\t\t<form class=\"elementor-form\" method=\"post\" name=\"New Form\" aria-label=\"New Form\">\n\t\t\t<input type=\"hidden\" name=\"post_id\" value=\"4792\"\/>\n\t\t\t<input type=\"hidden\" name=\"form_id\" value=\"3380c8c\"\/>\n\t\t\t<input type=\"hidden\" name=\"referer_title\" value=\"Defensor del Pueblo\" \/>\n\n\t\t\t\t\t\t\t<input type=\"hidden\" name=\"queried_id\" value=\"4792\"\/>\n\t\t\t\n\t\t\t<div class=\"elementor-form-fields-wrapper elementor-labels-above\">\n\t\t\t\t\t\t\t\t<div class=\"elementor-field-type-text elementor-field-group elementor-column elementor-field-group-name elementor-col-100 elementor-field-required\">\n\t\t\t\t\t\t\t\t\t\t\t\t<label for=\"form-field-name\" class=\"elementor-field-label\">\n\t\t\t\t\t\t\t\tQual sua posi\u00e7\u00e3o na empresa? (Obrigat\u00f3rio)\t\t\t\t\t\t\t<\/label>\n\t\t\t\t\t\t\t\t\t\t\t\t\t\t<input size=\"1\" type=\"text\" name=\"form_fields[name]\" id=\"form-field-name\" class=\"elementor-field elementor-size-sm  elementor-field-textual\" placeholder=\"Colaborador, cliente, fornecedor...\" required=\"required\">\n\t\t\t\t\t\t\t\t\t\t\t<\/div>\n\t\t\t\t\t\t\t\t<div class=\"elementor-field-type-select elementor-field-group elementor-column elementor-field-group-email elementor-col-100 elementor-field-required\">\n\t\t\t\t\t\t\t\t\t\t\t\t<label for=\"form-field-email\" class=\"elementor-field-label\">\n\t\t\t\t\t\t\t\tA Atitude a ser relatada \u00e9 positiva ou negativa? (Obrigat\u00f3rio)\t\t\t\t\t\t\t<\/label>\n\t\t\t\t\t\t\t\t<div class=\"elementor-field elementor-select-wrapper remove-before \">\n\t\t\t<div class=\"select-caret-down-wrapper\">\n\t\t\t\t<svg aria-hidden=\"true\" class=\"e-font-icon-svg e-eicon-caret-down\" viewBox=\"0 0 571.4 571.4\" xmlns=\"http:\/\/www.w3.org\/2000\/svg\"><path d=\"M571 393Q571 407 561 418L311 668Q300 679 286 679T261 668L11 418Q0 407 0 393T11 368 36 357H536Q550 357 561 368T571 393Z\"><\/path><\/svg>\t\t\t<\/div>\n\t\t\t<select name=\"form_fields[email]\" id=\"form-field-email\" class=\"elementor-field-textual elementor-size-sm\" required=\"required\">\n\t\t\t\t\t\t\t\t\t<option value=\"Negativa\">Negativa<\/option>\n\t\t\t\t\t\t\t\t\t<option value=\"Positiva\">Positiva<\/option>\n\t\t\t\t\t\t\t<\/select>\n\t\t<\/div>\n\t\t\t\t\t\t<\/div>\n\t\t\t\t\t\t\t\t<div class=\"elementor-field-type-text elementor-field-group elementor-column elementor-field-group-pessoas_envolvidas elementor-col-100\">\n\t\t\t\t\t\t\t\t\t\t\t\t<label for=\"form-field-pessoas_envolvidas\" class=\"elementor-field-label\">\n\t\t\t\t\t\t\t\tPessoas envolvidas (Opicional)\t\t\t\t\t\t\t<\/label>\n\t\t\t\t\t\t\t\t\t\t\t\t\t\t<input size=\"1\" type=\"text\" name=\"form_fields[pessoas_envolvidas]\" id=\"form-field-pessoas_envolvidas\" class=\"elementor-field elementor-size-sm  elementor-field-textual\" placeholder=\"Ex: Jo\u00e3o, Jos\u00e9 e Maria\">\n\t\t\t\t\t\t\t\t\t\t\t<\/div>\n\t\t\t\t\t\t\t\t<div class=\"elementor-field-type-date elementor-field-group elementor-column elementor-field-group-data_ocorrido elementor-col-100\">\n\t\t\t\t\t\t\t\t\t\t\t\t<label for=\"form-field-data_ocorrido\" class=\"elementor-field-label\">\n\t\t\t\t\t\t\t\tData do ocorrido (Obrigat\u00f3rio)\t\t\t\t\t\t\t<\/label>\n\t\t\t\t\t\t\n\t\t<input type=\"date\" name=\"form_fields[data_ocorrido]\" id=\"form-field-data_ocorrido\" class=\"elementor-field elementor-size-sm  elementor-field-textual elementor-date-field elementor-use-native\" pattern=\"[0-9]{4}-[0-9]{2}-[0-9]{2}\">\n\t\t\t\t\t\t<\/div>\n\t\t\t\t\t\t\t\t<div class=\"elementor-field-type-text elementor-field-group elementor-column elementor-field-group-data_ elementor-col-100\">\n\t\t\t\t\t\t\t\t\t\t\t\t<label for=\"form-field-data_\" class=\"elementor-field-label\">\n\t\t\t\t\t\t\t\tLocal do ocorrido (Obrigat\u00f3rio)\t\t\t\t\t\t\t<\/label>\n\t\t\t\t\t\t\t\t\t\t\t\t\t\t<input size=\"1\" type=\"text\" name=\"form_fields[data_]\" id=\"form-field-data_\" class=\"elementor-field elementor-size-sm  elementor-field-textual\" placeholder=\"Local do ocorrido\">\n\t\t\t\t\t\t\t\t\t\t\t<\/div>\n\t\t\t\t\t\t\t\t<div class=\"elementor-field-type-textarea elementor-field-group elementor-column elementor-field-group-field_6949921 elementor-col-100\">\n\t\t\t\t\t\t\t\t\t\t\t\t<label for=\"form-field-field_6949921\" class=\"elementor-field-label\">\n\t\t\t\t\t\t\t\tDescreva com suas palavras o ocorrido\u2028\t\t\t\t\t\t\t<\/label>\n\t\t\t\t\t\t<textarea class=\"elementor-field-textual elementor-field  elementor-size-sm\" name=\"form_fields[field_6949921]\" id=\"form-field-field_6949921\" rows=\"7\" placeholder=\"Sua mensagem\"><\/textarea>\t\t\t\t<\/div>\n\t\t\t\t\t\t\t\t<div class=\"elementor-field-group elementor-column elementor-field-type-submit elementor-col-20 e-form__buttons\">\n\t\t\t\t\t<button class=\"elementor-button elementor-size-sm\" type=\"submit\">\n\t\t\t\t\t\t<span class=\"elementor-button-content-wrapper\">\n\t\t\t\t\t\t\t\t\t\t\t\t\t\t\t<span class=\"elementor-button-icon\">\n\t\t\t\t\t\t\t\t\t<svg xmlns=\"http:\/\/www.w3.org\/2000\/svg\" width=\"14\" height=\"18\" viewBox=\"0 0 14 18\" fill=\"none\"><path d=\"M13.2207 10.4975L2.7207 17.697C2.45722 17.878 2.15087 17.982 1.83439 17.9979C1.51791 18.0137 1.20318 17.9409 0.92381 17.7871C0.644443 17.6334 0.410935 17.4044 0.248227 17.1248C0.0855191 16.8452 -0.000278122 16.5253 6.7731e-07 16.1994L6.7731e-07 1.80057C-0.000278122 1.47468 0.0855191 1.15484 0.248227 0.875198C0.410935 0.59556 0.644443 0.36663 0.92381 0.21286C1.20318 0.0590898 1.51791 -0.0137434 1.83439 0.00213786C2.15087 0.0180192 2.45722 0.122019 2.7207 0.30303L13.2207 7.50246C13.4604 7.66681 13.657 7.88949 13.7929 8.15073C13.9289 8.41197 14 8.7037 14 9C14 9.29631 13.9289 9.58803 13.7929 9.84927C13.657 10.1105 13.4604 10.3332 13.2207 10.4975Z\" fill=\"white\"><\/path><path d=\"M13.2207 10.4975L2.7207 17.697C2.45722 17.878 2.15087 17.982 1.83439 17.9979C1.51791 18.0137 1.20318 17.9409 0.92381 17.7871C0.644443 17.6334 0.410935 17.4044 0.248227 17.1248C0.0855191 16.8452 -0.000278122 16.5253 6.7731e-07 16.1994L6.7731e-07 1.80057C-0.000278122 1.47468 0.0855191 1.15484 0.248227 0.875198C0.410935 0.59556 0.644443 0.36663 0.92381 0.21286C1.20318 0.0590898 1.51791 -0.0137434 1.83439 0.00213786C2.15087 0.0180192 2.45722 0.122019 2.7207 0.30303L13.2207 7.50246C13.4604 7.66681 13.657 7.88949 13.7929 8.15073C13.9289 8.41197 14 8.7037 14 9C14 9.29631 13.9289 9.58803 13.7929 9.84927C13.657 10.1105 13.4604 10.3332 13.2207 10.4975Z\" fill=\"white\"><\/path><\/svg>\t\t\t\t\t\t\t\t\t\t\t\t\t\t\t\t\t<\/span>\n\t\t\t\t\t\t\t\t\t\t\t\t\t\t\t\t\t\t\t\t\t\t<span class=\"elementor-button-text\">Enviar<\/span>\n\t\t\t\t\t\t\t\t\t\t\t\t\t<\/span>\n\t\t\t\t\t<\/button>\n\t\t\t\t<\/div>\n\t\t\t<\/div>\n\t\t<\/form>\n\t\t\t\t\t\t<\/div>\n\t\t\t\t<\/div>\n\t\t\t\t<\/div>\n\t\t\t\t\t<\/div>\n\t\t\t\t<\/div>\n\t\t<div class=\"elementor-element elementor-element-7c76cd4 e-flex e-con-boxed e-con e-parent\" data-id=\"7c76cd4\" data-element_type=\"container\" data-settings=\"{&quot;background_background&quot;:&quot;classic&quot;,&quot;jet_parallax_layout_list&quot;:[],&quot;_ha_eqh_enable&quot;:false}\">\n\t\t\t\t\t<div class=\"e-con-inner\">\n\t\t<div class=\"elementor-element elementor-element-00a75d2 e-con-full e-flex e-con e-child\" data-id=\"00a75d2\" data-element_type=\"container\" data-settings=\"{&quot;background_background&quot;:&quot;classic&quot;,&quot;jet_parallax_layout_list&quot;:[],&quot;_ha_eqh_enable&quot;:false}\">\n\t\t<div class=\"elementor-element elementor-element-6112b23 e-con-full e-flex e-con e-child\" data-id=\"6112b23\" data-element_type=\"container\" data-settings=\"{&quot;jet_parallax_layout_list&quot;:[],&quot;_ha_eqh_enable&quot;:false}\">\n\t\t\t\t<div class=\"elementor-element elementor-element-f31c2b2 elementor-widget elementor-widget-google_maps\" data-id=\"f31c2b2\" data-element_type=\"widget\" data-widget_type=\"google_maps.default\">\n\t\t\t\t<div class=\"elementor-widget-container\">\n\t\t\t\t\t\t\t<div class=\"elementor-custom-embed\">\n\t\t\t<iframe loading=\"lazy\"\n\t\t\t\t\tsrc=\"https:\/\/maps.google.com\/maps?q=Av.%20Pref.%20Adolfo%20Nicolato%2C%20100%20Bairro%20Industrial%2C%20Rodeiro%20%E2%80%93%20MG%2C%2036510-000&#038;t=m&#038;z=10&#038;output=embed&#038;iwloc=near\"\n\t\t\t\t\ttitle=\"Av. Pref. Adolfo Nicolato, 100 Bairro Industrial, Rodeiro \u2013 MG, 36510-000\"\n\t\t\t\t\taria-label=\"Av. Pref. Adolfo Nicolato, 100 Bairro Industrial, Rodeiro \u2013 MG, 36510-000\"\n\t\t\t><\/iframe>\n\t\t<\/div>\n\t\t\t\t\t\t<\/div>\n\t\t\t\t<\/div>\n\t\t\t\t<\/div>\n\t\t<div class=\"elementor-element elementor-element-f9f974d e-con-full e-flex e-con e-child\" data-id=\"f9f974d\" data-element_type=\"container\" data-settings=\"{&quot;jet_parallax_layout_list&quot;:[],&quot;_ha_eqh_enable&quot;:false}\">\n\t\t\t\t<div class=\"elementor-element elementor-element-d75e4bb elementor-widget__width-initial elementor-widget elementor-widget-heading\" data-id=\"d75e4bb\" data-element_type=\"widget\" data-widget_type=\"heading.default\">\n\t\t\t\t<div class=\"elementor-widget-container\">\n\t\t\t\t\t<h2 class=\"elementor-heading-title elementor-size-default\">VISITE-NOS<\/h2>\t\t\t\t<\/div>\n\t\t\t\t<\/div>\n\t\t\t\t<div class=\"elementor-element elementor-element-30e4963 elementor-widget__width-initial elementor-widget elementor-widget-heading\" data-id=\"30e4963\" data-element_type=\"widget\" data-widget_type=\"heading.default\">\n\t\t\t\t<div class=\"elementor-widget-container\">\n\t\t\t\t\t<h2 class=\"elementor-heading-title elementor-size-default\">Onde estamos<\/h2>\t\t\t\t<\/div>\n\t\t\t\t<\/div>\n\t\t\t\t<div class=\"elementor-element elementor-element-e575460 elementor-widget__width-initial elementor-widget elementor-widget-heading\" data-id=\"e575460\" data-element_type=\"widget\" data-widget_type=\"heading.default\">\n\t\t\t\t<div class=\"elementor-widget-container\">\n\t\t\t\t\t<h2 class=\"elementor-heading-title elementor-size-default\">Av. Pref. Adolfo Nicolato, 100 Bairro Industrial, Rodeiro \u2013 MG, 36510-000<\/h2>\t\t\t\t<\/div>\n\t\t\t\t<\/div>\n\t\t\t\t<div class=\"elementor-element elementor-element-f039b64 elementor-widget__width-initial elementor-widget elementor-widget-heading\" data-id=\"f039b64\" data-element_type=\"widget\" data-widget_type=\"heading.default\">\n\t\t\t\t<div class=\"elementor-widget-container\">\n\t\t\t\t\t<h2 class=\"elementor-heading-title elementor-size-default\">(32) 3577-3800<\/h2>\t\t\t\t<\/div>\n\t\t\t\t<\/div>\n\t\t\t\t<div class=\"elementor-element elementor-element-e45a5de elementor-widget__width-initial elementor-widget elementor-widget-heading\" data-id=\"e45a5de\" data-element_type=\"widget\" data-widget_type=\"heading.default\">\n\t\t\t\t<div class=\"elementor-widget-container\">\n\t\t\t\t\t<h2 class=\"elementor-heading-title elementor-size-default\">marketing@mobillare.com.br<\/h2>\t\t\t\t<\/div>\n\t\t\t\t<\/div>\n\t\t\t\t<\/div>\n\t\t\t\t<\/div>\n\t\t\t\t\t<\/div>\n\t\t\t\t<\/div>\n\t\t\t\t<\/div>\n\t\t","protected":false},"excerpt":{"rendered":"<p>Defensor del Pueblo Cont\u00e1ctenos Presta mucha atenci\u00f3n Todas las acciones de M\u00f3veis Rufato siempre han sido guiadas por la \u00e9tica y la transparencia en las relaciones, y para mantener nuestra cultura, creamos un canal de comunicaci\u00f3n para que usted pueda informarnos sobre actitudes positivas o negativas respecto a la conducta de nuestros colaboradores, clientes, proveedores [&hellip;]<\/p>\n","protected":false},"author":1,"featured_media":0,"parent":0,"menu_order":0,"comment_status":"closed","ping_status":"closed","template":"elementor_header_footer","meta":{"footnotes":""},"class_list":["post-4792","page","type-page","status-publish","hentry"],"_links":{"self":[{"href":"https:\/\/moveisrufato.com.br\/es\/wp-json\/wp\/v2\/pages\/4792","targetHints":{"allow":["GET"]}}],"collection":[{"href":"https:\/\/moveisrufato.com.br\/es\/wp-json\/wp\/v2\/pages"}],"about":[{"href":"https:\/\/moveisrufato.com.br\/es\/wp-json\/wp\/v2\/types\/page"}],"author":[{"embeddable":true,"href":"https:\/\/moveisrufato.com.br\/es\/wp-json\/wp\/v2\/users\/1"}],"replies":[{"embeddable":true,"href":"https:\/\/moveisrufato.com.br\/es\/wp-json\/wp\/v2\/comments?post=4792"}],"version-history":[{"count":0,"href":"https:\/\/moveisrufato.com.br\/es\/wp-json\/wp\/v2\/pages\/4792\/revisions"}],"wp:attachment":[{"href":"https:\/\/moveisrufato.com.br\/es\/wp-json\/wp\/v2\/media?parent=4792"}],"curies":[{"name":"wp","href":"https:\/\/api.w.org\/{rel}","templated":true}]}}