{"id":4387,"date":"2025-04-22T11:30:12","date_gmt":"2025-04-22T14:30:12","guid":{"rendered":"https:\/\/moveisrufato.com.br\/sobre-nos\/"},"modified":"2025-08-19T10:50:52","modified_gmt":"2025-08-19T13:50:52","slug":"sobre-nos","status":"publish","type":"page","link":"https:\/\/moveisrufato.com.br\/es\/sobre-nos\/","title":{"rendered":"Sobre n\u00f3s"},"content":{"rendered":"\t\t<div data-elementor-type=\"wp-page\" data-elementor-id=\"4387\" class=\"elementor elementor-4387\" data-elementor-settings=\"{&quot;scroll_snap&quot;:&quot;yes&quot;,&quot;ha_cmc_init_switcher&quot;:&quot;no&quot;}\" data-elementor-post-type=\"page\">\n\t\t\t\t<div class=\"elementor-element elementor-element-f88585e e-flex e-con-boxed e-con e-parent\" data-id=\"f88585e\" data-element_type=\"container\" data-settings=\"{&quot;jet_parallax_layout_list&quot;:[],&quot;_ha_eqh_enable&quot;:false}\">\n\t\t\t\t\t<div class=\"e-con-inner\">\n\t\t<div class=\"elementor-element elementor-element-4e28369 e-con-full e-flex e-con e-child\" data-id=\"4e28369\" data-element_type=\"container\" data-settings=\"{&quot;background_background&quot;:&quot;classic&quot;,&quot;jet_parallax_layout_list&quot;:[],&quot;_ha_eqh_enable&quot;:false}\">\n\t\t\t\t<div class=\"elementor-element elementor-element-bb76c81 elementor-widget__width-initial elementor-widget elementor-widget-heading\" data-id=\"bb76c81\" data-element_type=\"widget\" data-widget_type=\"heading.default\">\n\t\t\t\t<div class=\"elementor-widget-container\">\n\t\t\t\t\t<h2 class=\"elementor-heading-title elementor-size-default\">Sobre Nosotros\n<\/h2>\t\t\t\t<\/div>\n\t\t\t\t<\/div>\n\t\t\t\t<div class=\"elementor-element elementor-element-6726772 elementor-widget__width-auto elementor-widget elementor-widget-heading\" data-id=\"6726772\" data-element_type=\"widget\" data-widget_type=\"heading.default\">\n\t\t\t\t<div class=\"elementor-widget-container\">\n\t\t\t\t\t<h2 class=\"elementor-heading-title elementor-size-default\">Conozca m\u00e1s sobre nuestra empresa<\/h2>\t\t\t\t<\/div>\n\t\t\t\t<\/div>\n\t\t\t\t<\/div>\n\t\t\t\t\t<\/div>\n\t\t\t\t<\/div>\n\t\t<div class=\"elementor-element elementor-element-551490b e-flex e-con-boxed e-con e-parent\" data-id=\"551490b\" data-element_type=\"container\" data-settings=\"{&quot;background_background&quot;:&quot;classic&quot;,&quot;jet_parallax_layout_list&quot;:[],&quot;_ha_eqh_enable&quot;:false}\">\n\t\t\t\t\t<div class=\"e-con-inner\">\n\t\t<div class=\"elementor-element elementor-element-2c4134f e-con-full section e-flex e-con e-child\" data-id=\"2c4134f\" data-element_type=\"container\" data-settings=\"{&quot;background_background&quot;:&quot;classic&quot;,&quot;jet_parallax_layout_list&quot;:[],&quot;_ha_eqh_enable&quot;:false}\">\n\t\t<div class=\"elementor-element elementor-element-bb1cab2 e-con-full e-flex e-con e-child\" data-id=\"bb1cab2\" data-element_type=\"container\" data-settings=\"{&quot;jet_parallax_layout_list&quot;:[],&quot;_ha_eqh_enable&quot;:false}\">\n\t\t\t\t<div class=\"elementor-element elementor-element-1075910 elementor-widget__width-initial elementor-widget elementor-widget-heading\" data-id=\"1075910\" data-element_type=\"widget\" data-widget_type=\"heading.default\">\n\t\t\t\t<div class=\"elementor-widget-container\">\n\t\t\t\t\t<h2 class=\"elementor-heading-title elementor-size-default\">Somos apasionados<br>por la <b>vida en el hogar<\/b><\/h2>\t\t\t\t<\/div>\n\t\t\t\t<\/div>\n\t\t\t\t<div class=\"elementor-element elementor-element-b923d42 elementor-widget__width-initial elementor-widget elementor-widget-text-editor\" data-id=\"b923d42\" data-element_type=\"widget\" data-widget_type=\"text-editor.default\">\n\t\t\t\t<div class=\"elementor-widget-container\">\n\t\t\t\t\t\t\t\t\t<p>Combinamos una b\u00fasqueda constante por actualizar nuestro conocimiento, implementar tendencias e invertir en maquinaria potente para transformar nuestros productos en obras \u00fanicas y sofisticadas.<\/p>\t\t\t\t\t\t\t\t<\/div>\n\t\t\t\t<\/div>\n\t\t\t\t<\/div>\n\t\t\t\t<\/div>\n\t\t\t\t\t<\/div>\n\t\t\t\t<\/div>\n\t\t<div class=\"elementor-element elementor-element-f0a513e section e-flex e-con-boxed e-con e-parent\" data-id=\"f0a513e\" data-element_type=\"container\" data-settings=\"{&quot;background_background&quot;:&quot;classic&quot;,&quot;jet_parallax_layout_list&quot;:[],&quot;_ha_eqh_enable&quot;:false}\">\n\t\t\t\t\t<div class=\"e-con-inner\">\n\t\t<div class=\"elementor-element elementor-element-94a5af9 e-con-full section e-flex e-con e-child\" data-id=\"94a5af9\" data-element_type=\"container\" data-settings=\"{&quot;background_background&quot;:&quot;classic&quot;,&quot;jet_parallax_layout_list&quot;:[],&quot;_ha_eqh_enable&quot;:false}\">\n\t\t<div class=\"elementor-element elementor-element-2164e86 e-con-full e-flex e-con e-child\" data-id=\"2164e86\" data-element_type=\"container\" data-settings=\"{&quot;jet_parallax_layout_list&quot;:[],&quot;_ha_eqh_enable&quot;:false}\">\n\t\t\t\t<div class=\"elementor-element elementor-element-bd76481 elementor-widget__width-initial elementor-widget elementor-widget-heading\" data-id=\"bd76481\" data-element_type=\"widget\" data-widget_type=\"heading.default\">\n\t\t\t\t<div class=\"elementor-widget-container\">\n\t\t\t\t\t<h2 class=\"elementor-heading-title elementor-size-default\">Creamos dise\u00f1os que van mucho\n<br><b>m\u00e1s all\u00e1 de lo visual.<\/b><\/h2>\t\t\t\t<\/div>\n\t\t\t\t<\/div>\n\t\t\t\t<div class=\"elementor-element elementor-element-c1e4b2b elementor-widget__width-initial elementor-widget elementor-widget-text-editor\" data-id=\"c1e4b2b\" data-element_type=\"widget\" data-widget_type=\"text-editor.default\">\n\t\t\t\t<div class=\"elementor-widget-container\">\n\t\t\t\t\t\t\t\t\t<p>Siempre prestamos atenci\u00f3n al poder de integrar creatividad, tecnolog\u00eda, est\u00e9tica e innovaci\u00f3n. De esta manera, ofrecemos soluciones funcionales, ergon\u00f3micas y que aportan una armon\u00eda impecable en cada uno de nuestros muebles.<\/p>\t\t\t\t\t\t\t\t<\/div>\n\t\t\t\t<\/div>\n\t\t\t\t<\/div>\n\t\t\t\t<\/div>\n\t\t\t\t\t<\/div>\n\t\t\t\t<\/div>\n\t\t<div class=\"elementor-element elementor-element-caf0c5d section e-flex e-con-boxed e-con e-parent\" data-id=\"caf0c5d\" data-element_type=\"container\" data-settings=\"{&quot;background_background&quot;:&quot;classic&quot;,&quot;jet_parallax_layout_list&quot;:[],&quot;_ha_eqh_enable&quot;:false}\">\n\t\t\t\t\t<div class=\"e-con-inner\">\n\t\t<div class=\"elementor-element elementor-element-fa091f0 e-con-full section e-flex e-con e-child\" data-id=\"fa091f0\" data-element_type=\"container\" data-settings=\"{&quot;background_background&quot;:&quot;classic&quot;,&quot;jet_parallax_layout_list&quot;:[],&quot;_ha_eqh_enable&quot;:false}\">\n\t\t<div class=\"elementor-element elementor-element-9f425db e-con-full e-flex e-con e-child\" data-id=\"9f425db\" data-element_type=\"container\" data-settings=\"{&quot;jet_parallax_layout_list&quot;:[],&quot;_ha_eqh_enable&quot;:false}\">\n\t\t\t\t<div class=\"elementor-element elementor-element-30f606a elementor-widget__width-initial elementor-widget elementor-widget-heading\" data-id=\"30f606a\" data-element_type=\"widget\" data-widget_type=\"heading.default\">\n\t\t\t\t<div class=\"elementor-widget-container\">\n\t\t\t\t\t<h2 class=\"elementor-heading-title elementor-size-default\">Innovar sin perder la <b>tradici\u00f3n y profesionalismo<\/b><\/h2>\t\t\t\t<\/div>\n\t\t\t\t<\/div>\n\t\t\t\t<div class=\"elementor-element elementor-element-1104c77 elementor-widget__width-initial elementor-widget elementor-widget-text-editor\" data-id=\"1104c77\" data-element_type=\"widget\" data-widget_type=\"text-editor.default\">\n\t\t\t\t<div class=\"elementor-widget-container\">\n\t\t\t\t\t\t\t\t\t<p>Es a trav\u00e9s de mucha dedicaci\u00f3n, esfuerzo y prop\u00f3sito que nuestros muebles llegan a los hogares de tantas familias, conquist\u00e1ndolos por su calidad singular, acabado impecable y belleza incomparable.<\/p>\t\t\t\t\t\t\t\t<\/div>\n\t\t\t\t<\/div>\n\t\t\t\t<\/div>\n\t\t\t\t<\/div>\n\t\t\t\t\t<\/div>\n\t\t\t\t<\/div>\n\t\t<div class=\"elementor-element elementor-element-ccbfb61 section e-flex e-con-boxed e-con e-parent\" data-id=\"ccbfb61\" data-element_type=\"container\" data-settings=\"{&quot;background_background&quot;:&quot;classic&quot;,&quot;jet_parallax_layout_list&quot;:[],&quot;_ha_eqh_enable&quot;:false}\">\n\t\t\t\t\t<div class=\"e-con-inner\">\n\t\t<div class=\"elementor-element elementor-element-d7984be e-con-full section e-flex e-con e-child\" data-id=\"d7984be\" data-element_type=\"container\" data-settings=\"{&quot;background_background&quot;:&quot;classic&quot;,&quot;jet_parallax_layout_list&quot;:[],&quot;_ha_eqh_enable&quot;:false}\">\n\t\t<div class=\"elementor-element elementor-element-a74b8a8 e-con-full e-flex e-con e-child\" data-id=\"a74b8a8\" data-element_type=\"container\" data-settings=\"{&quot;jet_parallax_layout_list&quot;:[],&quot;_ha_eqh_enable&quot;:false}\">\n\t\t\t\t<div class=\"elementor-element elementor-element-9916add elementor-widget__width-initial elementor-widget elementor-widget-heading\" data-id=\"9916add\" data-element_type=\"widget\" data-widget_type=\"heading.default\">\n\t\t\t\t<div class=\"elementor-widget-container\">\n\t\t\t\t\t<h2 class=\"elementor-heading-title elementor-size-default\">B\u00fasqueda incansable por la <b>calidad y excelencia<\/b><\/h2>\t\t\t\t<\/div>\n\t\t\t\t<\/div>\n\t\t\t\t<div class=\"elementor-element elementor-element-b44be31 elementor-widget__width-initial elementor-widget elementor-widget-text-editor\" data-id=\"b44be31\" data-element_type=\"widget\" data-widget_type=\"text-editor.default\">\n\t\t\t\t<div class=\"elementor-widget-container\">\n\t\t\t\t\t\t\t\t\tDesde 1993, Rufato dise\u00f1a referentes est\u00e9ticos para la vida a trav\u00e9s de muebles con la calidad que solo una empresa pionera puede ofrecer. Estamos guiados por valores inquebrantables y movidos por la pasi\u00f3n de transformar hogares. Atenci\u00f3n enfocada en dejar a cada cliente seguro, tranquilo y satisfecho. Compromiso y dedicaci\u00f3n con la calidad y dise\u00f1o de nuestros muebles. Esfuerzo y compromiso para ser la marca de tu mueble.\t\t\t\t\t\t\t\t<\/div>\n\t\t\t\t<\/div>\n\t\t\t\t<\/div>\n\t\t\t\t<\/div>\n\t\t\t\t\t<\/div>\n\t\t\t\t<\/div>\n\t\t<div class=\"elementor-element elementor-element-d9d82db e-con-full e-flex e-con e-parent\" data-id=\"d9d82db\" data-element_type=\"container\" data-settings=\"{&quot;jet_parallax_layout_list&quot;:[],&quot;_ha_eqh_enable&quot;:false}\">\n\t\t<div class=\"elementor-element elementor-element-759998d e-flex e-con-boxed e-con e-child\" data-id=\"759998d\" data-element_type=\"container\" data-settings=\"{&quot;background_background&quot;:&quot;classic&quot;,&quot;jet_parallax_layout_list&quot;:[],&quot;_ha_eqh_enable&quot;:false}\">\n\t\t\t\t\t<div class=\"e-con-inner\">\n\t\t<div class=\"elementor-element elementor-element-e9c3119 e-con-full e-flex e-con e-child\" data-id=\"e9c3119\" data-element_type=\"container\" data-settings=\"{&quot;background_background&quot;:&quot;classic&quot;,&quot;jet_parallax_layout_list&quot;:[],&quot;_ha_eqh_enable&quot;:false}\">\n\t\t<div class=\"elementor-element elementor-element-851ef23 e-con-full e-flex e-con e-child\" data-id=\"851ef23\" data-element_type=\"container\" data-settings=\"{&quot;jet_parallax_layout_list&quot;:[],&quot;_ha_eqh_enable&quot;:false}\">\n\t\t\t\t<div class=\"elementor-element elementor-element-69f35e0 elementor-widget elementor-widget-google_maps\" data-id=\"69f35e0\" data-element_type=\"widget\" data-widget_type=\"google_maps.default\">\n\t\t\t\t<div class=\"elementor-widget-container\">\n\t\t\t\t\t\t\t<div class=\"elementor-custom-embed\">\n\t\t\t<iframe loading=\"lazy\"\n\t\t\t\t\tsrc=\"https:\/\/maps.google.com\/maps?q=M%C3%B3veis%20Rufato&#038;t=m&#038;z=13&#038;output=embed&#038;iwloc=near\"\n\t\t\t\t\ttitle=\"M\u00f3veis Rufato\"\n\t\t\t\t\taria-label=\"M\u00f3veis Rufato\"\n\t\t\t><\/iframe>\n\t\t<\/div>\n\t\t\t\t\t\t<\/div>\n\t\t\t\t<\/div>\n\t\t\t\t<\/div>\n\t\t<div class=\"elementor-element elementor-element-e9b9da0 e-con-full e-flex e-con e-child\" data-id=\"e9b9da0\" data-element_type=\"container\" data-settings=\"{&quot;jet_parallax_layout_list&quot;:[],&quot;_ha_eqh_enable&quot;:false}\">\n\t\t\t\t<div class=\"elementor-element elementor-element-0ff9b31 elementor-widget__width-initial elementor-widget elementor-widget-heading\" data-id=\"0ff9b31\" data-element_type=\"widget\" data-widget_type=\"heading.default\">\n\t\t\t\t<div class=\"elementor-widget-container\">\n\t\t\t\t\t<h2 class=\"elementor-heading-title elementor-size-default\">VIS\u00cdTANOS<\/h2>\t\t\t\t<\/div>\n\t\t\t\t<\/div>\n\t\t\t\t<div class=\"elementor-element elementor-element-a422168 elementor-widget__width-initial elementor-widget elementor-widget-heading\" data-id=\"a422168\" data-element_type=\"widget\" data-widget_type=\"heading.default\">\n\t\t\t\t<div class=\"elementor-widget-container\">\n\t\t\t\t\t<h2 class=\"elementor-heading-title elementor-size-default\">D\u00f3nde estamos\n\n<\/h2>\t\t\t\t<\/div>\n\t\t\t\t<\/div>\n\t\t\t\t<div class=\"elementor-element elementor-element-df461ee elementor-widget__width-initial elementor-widget elementor-widget-heading\" data-id=\"df461ee\" data-element_type=\"widget\" data-widget_type=\"heading.default\">\n\t\t\t\t<div class=\"elementor-widget-container\">\n\t\t\t\t\t<h2 class=\"elementor-heading-title elementor-size-default\">Av. Pref. Adolfo Nicolato, 100 - Bairro Industrial, Rodeiro - MG, 36510-000<\/h2>\t\t\t\t<\/div>\n\t\t\t\t<\/div>\n\t\t\t\t<div class=\"elementor-element elementor-element-65332e3 elementor-widget__width-inherit elementor-widget elementor-widget-heading\" data-id=\"65332e3\" data-element_type=\"widget\" data-widget_type=\"heading.default\">\n\t\t\t\t<div class=\"elementor-widget-container\">\n\t\t\t\t\t<h2 class=\"elementor-heading-title elementor-size-default\">+55 (32) 3577-3800<\/h2>\t\t\t\t<\/div>\n\t\t\t\t<\/div>\n\t\t\t\t<div class=\"elementor-element elementor-element-de0a80c elementor-widget__width-initial elementor-widget elementor-widget-heading\" data-id=\"de0a80c\" data-element_type=\"widget\" data-widget_type=\"heading.default\">\n\t\t\t\t<div class=\"elementor-widget-container\">\n\t\t\t\t\t<h2 class=\"elementor-heading-title elementor-size-default\">marketing@mobillare.com.br<\/h2>\t\t\t\t<\/div>\n\t\t\t\t<\/div>\n\t\t\t\t<\/div>\n\t\t\t\t<\/div>\n\t\t\t\t<div class=\"elementor-element elementor-element-887a426 elementor-widget elementor-widget-html\" data-id=\"887a426\" data-element_type=\"widget\" data-widget_type=\"html.default\">\n\t\t\t\t<div class=\"elementor-widget-container\">\n\t\t\t\t\t<script>\r\n  document.addEventListener(\"DOMContentLoaded\", function () {\r\n    const sections = document.querySelectorAll(\".section\");\r\n\r\n    const observer = new IntersectionObserver(\r\n      entries => {\r\n        entries.forEach(entry => {\r\n          if (entry.isIntersecting) {\r\n            entry.target.classList.add(\"active\");\r\n          } else {\r\n            entry.target.classList.remove(\"active\");\r\n          }\r\n        });\r\n      },\r\n      { threshold: 0.5 } \/\/ Quando 50% da se\u00e7\u00e3o estiver vis\u00edvel\r\n    );\r\n\r\n    sections.forEach(section => {\r\n      observer.observe(section);\r\n    });\r\n  });\r\n<\/script>\r\n\t\t\t\t<\/div>\n\t\t\t\t<\/div>\n\t\t\t\t\t<\/div>\n\t\t\t\t<\/div>\n\t\t\t\t<\/div>\n\t\t\t\t<\/div>\n\t\t","protected":false},"excerpt":{"rendered":"<p>Sobre Nosotros Conozca m\u00e1s sobre nuestra empresa Somos apasionadospor la vida en el hogar Combinamos una b\u00fasqueda constante por actualizar nuestro conocimiento, implementar tendencias e invertir en maquinaria potente para transformar nuestros productos en obras \u00fanicas y sofisticadas. Creamos dise\u00f1os que van mucho m\u00e1s all\u00e1 de lo visual. Siempre prestamos atenci\u00f3n al poder de integrar [&hellip;]<\/p>\n","protected":false},"author":1,"featured_media":0,"parent":0,"menu_order":0,"comment_status":"closed","ping_status":"closed","template":"elementor_header_footer","meta":{"footnotes":""},"class_list":["post-4387","page","type-page","status-publish","hentry"],"_links":{"self":[{"href":"https:\/\/moveisrufato.com.br\/es\/wp-json\/wp\/v2\/pages\/4387","targetHints":{"allow":["GET"]}}],"collection":[{"href":"https:\/\/moveisrufato.com.br\/es\/wp-json\/wp\/v2\/pages"}],"about":[{"href":"https:\/\/moveisrufato.com.br\/es\/wp-json\/wp\/v2\/types\/page"}],"author":[{"embeddable":true,"href":"https:\/\/moveisrufato.com.br\/es\/wp-json\/wp\/v2\/users\/1"}],"replies":[{"embeddable":true,"href":"https:\/\/moveisrufato.com.br\/es\/wp-json\/wp\/v2\/comments?post=4387"}],"version-history":[{"count":58,"href":"https:\/\/moveisrufato.com.br\/es\/wp-json\/wp\/v2\/pages\/4387\/revisions"}],"predecessor-version":[{"id":4782,"href":"https:\/\/moveisrufato.com.br\/es\/wp-json\/wp\/v2\/pages\/4387\/revisions\/4782"}],"wp:attachment":[{"href":"https:\/\/moveisrufato.com.br\/es\/wp-json\/wp\/v2\/media?parent=4387"}],"curies":[{"name":"wp","href":"https:\/\/api.w.org\/{rel}","templated":true}]}}